{"id":3,"date":"2024-02-20T12:14:02","date_gmt":"2024-02-20T12:14:02","guid":{"rendered":"http:\/\/cito.vision\/?page_id=3"},"modified":"2024-02-26T07:33:41","modified_gmt":"2024-02-26T07:33:41","slug":"legal","status":"publish","type":"page","link":"http:\/\/cito.vision\/de\/legal\/","title":{"rendered":"Legal &#038; Compliance"},"content":{"rendered":"<div data-elementor-type=\"wp-page\" data-elementor-id=\"3\" class=\"elementor elementor-3\" data-elementor-post-type=\"page\">\n\t\t\t\t<div class=\"elementor-element elementor-element-6210bd05 e-flex e-con-boxed e-con e-parent\" data-id=\"6210bd05\" data-element_type=\"container\" data-settings=\"{&quot;container_type&quot;:&quot;flex&quot;,&quot;content_width&quot;:&quot;boxed&quot;}\" data-core-v316-plus=\"true\">\n\t\t\t\t\t<div class=\"e-con-inner\">\n\t\t\t\t<div class=\"elementor-element elementor-element-670cb2a elementor-widget elementor-widget-heading\" data-id=\"670cb2a\" data-element_type=\"widget\" data-widget_type=\"heading.default\">\n\t\t\t\t<div class=\"elementor-widget-container\">\n\t\t\t<style>\/*! elementor - v3.19.0 - 26-02-2024 *\/\n.elementor-heading-title{padding:0;margin:0;line-height:1}.elementor-widget-heading .elementor-heading-title[class*=elementor-size-]>a{color:inherit;font-size:inherit;line-height:inherit}.elementor-widget-heading .elementor-heading-title.elementor-size-small{font-size:15px}.elementor-widget-heading .elementor-heading-title.elementor-size-medium{font-size:19px}.elementor-widget-heading .elementor-heading-title.elementor-size-large{font-size:29px}.elementor-widget-heading .elementor-heading-title.elementor-size-xl{font-size:39px}.elementor-widget-heading .elementor-heading-title.elementor-size-xxl{font-size:59px}<\/style><h2 class=\"elementor-heading-title elementor-size-default\">Legal & Compliance<\/h2>\t\t<\/div>\n\t\t\t\t<\/div>\n\t\t\t\t<div class=\"elementor-element elementor-element-745a6d56 elementor-widget elementor-widget-text-editor\" data-id=\"745a6d56\" data-element_type=\"widget\" data-widget_type=\"text-editor.default\">\n\t\t\t\t<div class=\"elementor-widget-container\">\n\t\t\t<style>\/*! elementor - v3.19.0 - 26-02-2024 *\/\n.elementor-widget-text-editor.elementor-drop-cap-view-stacked .elementor-drop-cap{background-color:#69727d;color:#fff}.elementor-widget-text-editor.elementor-drop-cap-view-framed .elementor-drop-cap{color:#69727d;border:3px solid;background-color:transparent}.elementor-widget-text-editor:not(.elementor-drop-cap-view-default) .elementor-drop-cap{margin-top:8px}.elementor-widget-text-editor:not(.elementor-drop-cap-view-default) .elementor-drop-cap-letter{width:1em;height:1em}.elementor-widget-text-editor .elementor-drop-cap{float:left;text-align:center;line-height:1;font-size:50px}.elementor-widget-text-editor .elementor-drop-cap-letter{display:inline-block}<\/style>\t\t\t\t<p><span style=\"font-weight: 400;\">Our website and services are tailored for professional clients and eligible counterparties. We prioritize transparency, compliance, and ethical standards, ensuring our engagements are conducted with the utmost integrity and respect for privacy and regulatory requirements.<\/span><\/p>\t\t\t\t\t\t<\/div>\n\t\t\t\t<\/div>\n\t\t\t\t<div class=\"elementor-element elementor-element-954e6a9 elementor-widget elementor-widget-heading\" data-id=\"954e6a9\" data-element_type=\"widget\" data-widget_type=\"heading.default\">\n\t\t\t\t<div class=\"elementor-widget-container\">\n\t\t\t<h2 class=\"elementor-heading-title elementor-size-default\">Imprint<\/h2>\t\t<\/div>\n\t\t\t\t<\/div>\n\t\t\t\t<div class=\"elementor-element elementor-element-d059f58 elementor-widget elementor-widget-text-editor\" data-id=\"d059f58\" data-element_type=\"widget\" data-widget_type=\"text-editor.default\">\n\t\t\t\t<div class=\"elementor-widget-container\">\n\t\t\t\t\t\t\t<p><span style=\"font-weight: 400;\">CITO GmbH<\/span><\/p>\n<p><span style=\"font-weight: 400;\">Sitz: M\u00fcnchen | Amtsgericht M\u00fcnchen HRB: 214036<\/span><\/p>\n<p><span style=\"font-weight: 400;\">Gesch\u00e4ftsf\u00fchrer: Sebastian von Johnston<\/span><\/p>\n<p><span style=\"font-weight: 400;\">Ust ID: DE300536807<\/span><\/p>\n<p><span style=\"font-weight: 400;\">Jungfrauenthal 8 | 20149 Hamburg | Deutschland<\/span><\/p>\n<p><span style=\"font-weight: 400;\">Tel. +49 (151) 50457801<br \/><\/span><\/p>\n<p>www.cito.vision<\/p>\t\t\t\t\t\t<\/div>\n\t\t\t\t<\/div>\n\t\t\t\t\t<\/div>\n\t\t\t\t<\/div>\n\t\t\t\t<\/div>","protected":false},"excerpt":{"rendered":"<p>Legal &#038; Compliance Our website and services are tailored for professional clients and eligible counterparties. We prioritize transparency, compliance, and ethical standards, ensuring our engagements are conducted with the utmost integrity and respect for privacy and regulatory requirements. Imprint CITO GmbH Sitz: M\u00fcnchen | Amtsgericht M\u00fcnchen HRB: 214036 Gesch\u00e4ftsf\u00fchrer: Sebastian von Johnston Ust ID: DE300536807 [&hellip;]<\/p>","protected":false},"author":1,"featured_media":0,"parent":0,"menu_order":0,"comment_status":"closed","ping_status":"closed","template":"","meta":{"ocean_post_layout":"","ocean_both_sidebars_style":"","ocean_both_sidebars_content_width":0,"ocean_both_sidebars_sidebars_width":0,"ocean_sidebar":"","ocean_second_sidebar":"","ocean_disable_margins":"enable","ocean_add_body_class":"","ocean_shortcode_before_top_bar":"","ocean_shortcode_after_top_bar":"","ocean_shortcode_before_header":"","ocean_shortcode_after_header":"","ocean_has_shortcode":"","ocean_shortcode_after_title":"","ocean_shortcode_before_footer_widgets":"","ocean_shortcode_after_footer_widgets":"","ocean_shortcode_before_footer_bottom":"","ocean_shortcode_after_footer_bottom":"","ocean_display_top_bar":"default","ocean_display_header":"default","ocean_header_style":"","ocean_center_header_left_menu":"","ocean_custom_header_template":"","ocean_custom_logo":0,"ocean_custom_retina_logo":0,"ocean_custom_logo_max_width":0,"ocean_custom_logo_tablet_max_width":0,"ocean_custom_logo_mobile_max_width":0,"ocean_custom_logo_max_height":0,"ocean_custom_logo_tablet_max_height":0,"ocean_custom_logo_mobile_max_height":0,"ocean_header_custom_menu":"","ocean_menu_typo_font_family":"","ocean_menu_typo_font_subset":"","ocean_menu_typo_font_size":0,"ocean_menu_typo_font_size_tablet":0,"ocean_menu_typo_font_size_mobile":0,"ocean_menu_typo_font_size_unit":"px","ocean_menu_typo_font_weight":"","ocean_menu_typo_font_weight_tablet":"","ocean_menu_typo_font_weight_mobile":"","ocean_menu_typo_transform":"","ocean_menu_typo_transform_tablet":"","ocean_menu_typo_transform_mobile":"","ocean_menu_typo_line_height":0,"ocean_menu_typo_line_height_tablet":0,"ocean_menu_typo_line_height_mobile":0,"ocean_menu_typo_line_height_unit":"","ocean_menu_typo_spacing":0,"ocean_menu_typo_spacing_tablet":0,"ocean_menu_typo_spacing_mobile":0,"ocean_menu_typo_spacing_unit":"","ocean_menu_link_color":"","ocean_menu_link_color_hover":"","ocean_menu_link_color_active":"","ocean_menu_link_background":"","ocean_menu_link_hover_background":"","ocean_menu_link_active_background":"","ocean_menu_social_links_bg":"","ocean_menu_social_hover_links_bg":"","ocean_menu_social_links_color":"","ocean_menu_social_hover_links_color":"","ocean_disable_title":"default","ocean_disable_heading":"default","ocean_post_title":"","ocean_post_subheading":"","ocean_post_title_style":"","ocean_post_title_background_color":"","ocean_post_title_background":0,"ocean_post_title_bg_image_position":"","ocean_post_title_bg_image_attachment":"","ocean_post_title_bg_image_repeat":"","ocean_post_title_bg_image_size":"","ocean_post_title_height":0,"ocean_post_title_bg_overlay":0.5,"ocean_post_title_bg_overlay_color":"","ocean_disable_breadcrumbs":"default","ocean_breadcrumbs_color":"","ocean_breadcrumbs_separator_color":"","ocean_breadcrumbs_links_color":"","ocean_breadcrumbs_links_hover_color":"","ocean_display_footer_widgets":"default","ocean_display_footer_bottom":"default","ocean_custom_footer_template":"","footnotes":""},"yoast_head":"<!-- This site is optimized with the Yoast SEO plugin v22.1 - https:\/\/yoast.com\/wordpress\/plugins\/seo\/ -->\n<title>Legal &amp; Compliance | CITO GmbH<\/title>\n<meta name=\"robots\" content=\"index, follow, max-snippet:-1, max-image-preview:large, max-video-preview:-1\" \/>\n<link rel=\"canonical\" href=\"https:\/\/cito.vision\/de\/legal\/\" \/>\n<meta property=\"og:locale\" content=\"de_DE\" \/>\n<meta property=\"og:type\" content=\"article\" \/>\n<meta property=\"og:title\" content=\"Legal &amp; Compliance | CITO GmbH\" \/>\n<meta property=\"og:description\" content=\"Legal &#038; Compliance Our website and services are tailored for professional clients and eligible counterparties. We prioritize transparency, compliance, and ethical standards, ensuring our engagements are conducted with the utmost integrity and respect for privacy and regulatory requirements. Imprint CITO GmbH Sitz: M\u00fcnchen | Amtsgericht M\u00fcnchen HRB: 214036 Gesch\u00e4ftsf\u00fchrer: Sebastian von Johnston Ust ID: DE300536807 [&hellip;]\" \/>\n<meta property=\"og:url\" content=\"https:\/\/cito.vision\/de\/legal\/\" \/>\n<meta property=\"og:site_name\" content=\"CITO GmbH\" \/>\n<meta property=\"article:modified_time\" content=\"2024-02-26T07:33:41+00:00\" \/>\n<meta name=\"twitter:card\" content=\"summary_large_image\" \/>\n<script type=\"application\/ld+json\" class=\"yoast-schema-graph\">{\"@context\":\"https:\/\/schema.org\",\"@graph\":[{\"@type\":\"WebPage\",\"@id\":\"https:\/\/cito.vision\/de\/legal\/\",\"url\":\"https:\/\/cito.vision\/de\/legal\/\",\"name\":\"Legal & Compliance | CITO GmbH\",\"isPartOf\":{\"@id\":\"https:\/\/cito.vision\/#website\"},\"datePublished\":\"2024-02-20T12:14:02+00:00\",\"dateModified\":\"2024-02-26T07:33:41+00:00\",\"breadcrumb\":{\"@id\":\"https:\/\/cito.vision\/de\/legal\/#breadcrumb\"},\"inLanguage\":\"de-DE\",\"potentialAction\":[{\"@type\":\"ReadAction\",\"target\":[\"https:\/\/cito.vision\/de\/legal\/\"]}]},{\"@type\":\"BreadcrumbList\",\"@id\":\"https:\/\/cito.vision\/de\/legal\/#breadcrumb\",\"itemListElement\":[{\"@type\":\"ListItem\",\"position\":1,\"name\":\"Startseite\",\"item\":\"https:\/\/cito.vision\/\"},{\"@type\":\"ListItem\",\"position\":2,\"name\":\"Legal &#038; Compliance\"}]},{\"@type\":\"WebSite\",\"@id\":\"https:\/\/cito.vision\/#website\",\"url\":\"https:\/\/cito.vision\/\",\"name\":\"CITO GmbH\",\"description\":\"An independent advisory and investment firm, deeply rooted in honesty, entrepreneurship, and a dedicated focus on technology and innovation.\",\"potentialAction\":[{\"@type\":\"SearchAction\",\"target\":{\"@type\":\"EntryPoint\",\"urlTemplate\":\"https:\/\/cito.vision\/?s={search_term_string}\"},\"query-input\":\"required name=search_term_string\"}],\"inLanguage\":\"de-DE\"}]}<\/script>\n<!-- \/ Yoast SEO plugin. -->","yoast_head_json":{"title":"Legal & Compliance | CITO GmbH","robots":{"index":"index","follow":"follow","max-snippet":"max-snippet:-1","max-image-preview":"max-image-preview:large","max-video-preview":"max-video-preview:-1"},"canonical":"https:\/\/cito.vision\/de\/legal\/","og_locale":"de_DE","og_type":"article","og_title":"Legal & Compliance | CITO GmbH","og_description":"Legal &#038; Compliance Our website and services are tailored for professional clients and eligible counterparties. We prioritize transparency, compliance, and ethical standards, ensuring our engagements are conducted with the utmost integrity and respect for privacy and regulatory requirements. Imprint CITO GmbH Sitz: M\u00fcnchen | Amtsgericht M\u00fcnchen HRB: 214036 Gesch\u00e4ftsf\u00fchrer: Sebastian von Johnston Ust ID: DE300536807 [&hellip;]","og_url":"https:\/\/cito.vision\/de\/legal\/","og_site_name":"CITO GmbH","article_modified_time":"2024-02-26T07:33:41+00:00","twitter_card":"summary_large_image","schema":{"@context":"https:\/\/schema.org","@graph":[{"@type":"WebPage","@id":"https:\/\/cito.vision\/de\/legal\/","url":"https:\/\/cito.vision\/de\/legal\/","name":"Legal & Compliance | CITO GmbH","isPartOf":{"@id":"https:\/\/cito.vision\/#website"},"datePublished":"2024-02-20T12:14:02+00:00","dateModified":"2024-02-26T07:33:41+00:00","breadcrumb":{"@id":"https:\/\/cito.vision\/de\/legal\/#breadcrumb"},"inLanguage":"de-DE","potentialAction":[{"@type":"ReadAction","target":["https:\/\/cito.vision\/de\/legal\/"]}]},{"@type":"BreadcrumbList","@id":"https:\/\/cito.vision\/de\/legal\/#breadcrumb","itemListElement":[{"@type":"ListItem","position":1,"name":"Startseite","item":"https:\/\/cito.vision\/"},{"@type":"ListItem","position":2,"name":"Legal &#038; Compliance"}]},{"@type":"WebSite","@id":"https:\/\/cito.vision\/#website","url":"https:\/\/cito.vision\/","name":"CITO GmbH","description":"An independent advisory and investment firm, deeply rooted in honesty, entrepreneurship, and a dedicated focus on technology and innovation.","potentialAction":[{"@type":"SearchAction","target":{"@type":"EntryPoint","urlTemplate":"https:\/\/cito.vision\/?s={search_term_string}"},"query-input":"required name=search_term_string"}],"inLanguage":"de-DE"}]}},"_links":{"self":[{"href":"http:\/\/cito.vision\/de\/wp-json\/wp\/v2\/pages\/3"}],"collection":[{"href":"http:\/\/cito.vision\/de\/wp-json\/wp\/v2\/pages"}],"about":[{"href":"http:\/\/cito.vision\/de\/wp-json\/wp\/v2\/types\/page"}],"author":[{"embeddable":true,"href":"http:\/\/cito.vision\/de\/wp-json\/wp\/v2\/users\/1"}],"replies":[{"embeddable":true,"href":"http:\/\/cito.vision\/de\/wp-json\/wp\/v2\/comments?post=3"}],"version-history":[{"count":20,"href":"http:\/\/cito.vision\/de\/wp-json\/wp\/v2\/pages\/3\/revisions"}],"predecessor-version":[{"id":1609,"href":"http:\/\/cito.vision\/de\/wp-json\/wp\/v2\/pages\/3\/revisions\/1609"}],"wp:attachment":[{"href":"http:\/\/cito.vision\/de\/wp-json\/wp\/v2\/media?parent=3"}],"curies":[{"name":"wp","href":"https:\/\/api.w.org\/{rel}","templated":true}]}}